{"id":20,"date":"2013-11-05T20:37:01","date_gmt":"2013-11-05T18:37:01","guid":{"rendered":"https:\/\/www.laermschutz-a49.de\/?page_id=20"},"modified":"2021-03-25T17:23:28","modified_gmt":"2021-03-25T15:23:28","slug":"impressum","status":"publish","type":"page","link":"https:\/\/laermschutz-a49.de\/?page_id=20","title":{"rendered":"Impressum"},"content":{"rendered":"<hr \/>\n<div style=\"width: 280px; height: auto; float: left;\">\n<h3>Interessenvertreter<\/h3>\n<div style=\"width: 100%; height: 8px;\"><\/div>\n<p><strong>G\u00fcnther Schumann<\/strong><br \/>\nAm Kriesrain 2, 34295 Ederm\u00fcnde-Holzhausen<br \/>\nTelefon: 0 56 65 &#8211; 65 65<\/p>\n<div style=\"width: 100%; height: 8px;\"><\/div>\n<p><strong>Heidi Dittmar<\/strong><br \/>\nKirchweg 1, 34295 Ederm\u00fcnde-Holzhausen<\/p>\n<div style=\"width: 100%; height: 8px;\"><\/div>\n<p><strong>Renate Engelhardt<\/strong><br \/>\nIm Wiesengrund 4, 34295 Ederm\u00fcnde-Holzhausen<\/p>\n<div style=\"width: 100%; height: 8px;\"><\/div>\n<p><strong>Uwe J\u00e4hnig<\/strong><br \/>\nAm Kriesrain 8, 34295 Ederm\u00fcnde-Holzhausen<\/p>\n<\/div>\n<div style=\"width: 280px; height: auto; float: right;\">\n<h3>Inhaltlich verantwortlich<br \/>\ngem. \u00a7 5 TMG und \u00a7 55 RStV<\/h3>\n<p>G\u00fcnther Schumann, Birgit Ranft (Schreiberling)<\/p>\n<h3 style=\"margin-top: 20px;\">Bildnachweis<\/h3>\n<p>Das Bildmaterial dieser Webseite, welches nicht von uns selbst zur Verf\u00fcgung gestellt wurde, stammt von folgendem Anbieter:<\/p>\n<p>fotolia.de, 48804183, \u00a9 gena96<br \/>\nfotolia.de, 41765670, \u00a9 Marco2811<br \/>\nfotolia.de, 42978234, \u00a9 markus_marb<br \/>\nfotolia.de, 50763312, \u00a9 sp4764<br \/>\nfotolia.de, 60592691, \u00a9 thomaslerchphoto<\/p>\n<h3 style=\"margin-top: 20px;\">Realisierung dieser Website<\/h3>\n<p>flexx-hosting.de<span class=\"spacer\">|<\/span><a title=\"Webdesign Kassel\" href=\"https:\/\/www.flexx-hosting.de\" target=\"_blank\" rel=\"noopener\">Internet<\/a><span class=\"spacer\">|<\/span><a href=\"mailto:info@flexx-hosting.de\">eMail<\/a><\/p>\n<\/div>\n<div class=\"clear\"><\/div>\n<hr \/>\n<h3>Haftungshinweis<\/h3>\n<p><strong>Streitschlichtung<\/strong><br \/>\nDie Europ\u00e4ische Kommission stellt eine Plattform zur Online-Streitbeilegung (OS) bereit: https:\/\/ec.europa.eu\/consumers\/odr. Unsere E-Mail-Adresse finden Sie im Impressum. Wir sind nicht bereit oder verpflichtet, an Streitbeilegungsverfahren vor einer Verbraucherschlichtungsstelle teilzunehmen.<\/p>\n<p><strong>Haftung f\u00fcr Inhalte<\/strong><br \/>\nAls Diensteanbieter sind wir gem\u00e4\u00df \u00a7 7 Abs.1 TMG f\u00fcr eigene Inhalte auf diesen Seiten nach den allgemeinen Gesetzen verantwortlich. Nach \u00a7\u00a7 8 bis 10 TMG sind wir als Diensteanbieter jedoch nicht verpflichtet, \u00fcbermittelte oder gespeicherte fremde Informationen zu \u00fcberwachen oder nach Umst\u00e4nden zu forschen, die auf eine rechtswidrige T\u00e4tigkeit hinweisen. Verpflichtungen zur Entfernung oder Sperrung der Nutzung von Informationen nach den allgemeinen Gesetzen bleiben hiervon unber\u00fchrt. Eine diesbez\u00fcgliche Haftung ist jedoch erst ab dem Zeitpunkt der Kenntnis einer konkreten Rechtsverletzung m\u00f6glich. Bei Bekanntwerden von entsprechenden Rechtsverletzungen werden wir diese Inhalte umgehend entfernen.<\/p>\n<p><strong>Haftung f\u00fcr Links<\/strong><br \/>\nUnser Angebot enth\u00e4lt Links zu externen Websites Dritter, auf deren Inhalte wir keinen Einfluss haben. Deshalb k\u00f6nnen wir f\u00fcr diese fremden Inhalte auch keine Gew\u00e4hr \u00fcbernehmen. F\u00fcr die Inhalte der verlinkten Seiten ist stets der jeweilige Anbieter oder Betreiber der Seiten verantwortlich. Die verlinkten Seiten wurden zum Zeitpunkt der Verlinkung auf m\u00f6gliche Rechtsverst\u00f6\u00dfe \u00fcberpr\u00fcft. Rechtswidrige Inhalte waren zum Zeitpunkt der Verlinkung nicht erkennbar. Eine permanente inhaltliche Kontrolle der verlinkten Seiten ist jedoch ohne konkrete Anhaltspunkte einer Rechtsverletzung nicht zumutbar. Bei Bekanntwerden von Rechtsverletzungen werden wir derartige Links umgehend entfernen.<\/p>\n<p><strong>Urheberrecht<\/strong><br \/>\nDie durch die Seitenbetreiber erstellten Inhalte und Werke auf diesen Seiten unterliegen dem deutschen Urheberrecht. Die Vervielf\u00e4ltigung, Bearbeitung, Verbreitung und jede Art der Verwertung au\u00dferhalb der Grenzen des Urheberrechtes bed\u00fcrfen der schriftlichen Zustimmung des jeweiligen Autors bzw. Erstellers. Downloads und Kopien dieser Seite sind nur f\u00fcr den privaten, nicht kommerziellen Gebrauch gestattet.<br \/>\nSoweit die Inhalte auf dieser Seite nicht vom Betreiber erstellt wurden, werden die Urheberrechte Dritter beachtet. Insbesondere werden Inhalte Dritter als solche gekennzeichnet. Sollten Sie trotzdem auf eine Urheberrechtsverletzung aufmerksam werden, bitten wir um einen entsprechenden Hinweis. Bei Bekanntwerden von Rechtsverletzungen werden wir derartige Inhalte umgehend entfernen.<\/p>\n","protected":false},"excerpt":{"rendered":"<p>Interessenvertreter G\u00fcnther Schumann Am Kriesrain 2, 34295 Ederm\u00fcnde-Holzhausen Telefon: 0 56 65 &#8211; 65 65 Heidi Dittmar Kirchweg 1, 34295 Ederm\u00fcnde-Holzhausen Renate Engelhardt Im Wiesengrund 4, 34295 Ederm\u00fcnde-Holzhausen Uwe J\u00e4hnig Am Kriesrain 8, 34295 Ederm\u00fcnde-Holzhausen Inhaltlich verantwortlich gem. \u00a7 5 TMG und \u00a7 55 RStV G\u00fcnther Schumann, Birgit Ranft (Schreiberling) Bildnachweis Das Bildmaterial dieser Webseite, [&hellip;]<\/p>\n","protected":false},"author":1,"featured_media":0,"parent":0,"menu_order":0,"comment_status":"open","ping_status":"open","template":"","meta":{"_links_to":"","_links_to_target":""},"_links":{"self":[{"href":"https:\/\/laermschutz-a49.de\/index.php?rest_route=\/wp\/v2\/pages\/20"}],"collection":[{"href":"https:\/\/laermschutz-a49.de\/index.php?rest_route=\/wp\/v2\/pages"}],"about":[{"href":"https:\/\/laermschutz-a49.de\/index.php?rest_route=\/wp\/v2\/types\/page"}],"author":[{"embeddable":true,"href":"https:\/\/laermschutz-a49.de\/index.php?rest_route=\/wp\/v2\/users\/1"}],"replies":[{"embeddable":true,"href":"https:\/\/laermschutz-a49.de\/index.php?rest_route=%2Fwp%2Fv2%2Fcomments&post=20"}],"version-history":[{"count":39,"href":"https:\/\/laermschutz-a49.de\/index.php?rest_route=\/wp\/v2\/pages\/20\/revisions"}],"predecessor-version":[{"id":5136,"href":"https:\/\/laermschutz-a49.de\/index.php?rest_route=\/wp\/v2\/pages\/20\/revisions\/5136"}],"wp:attachment":[{"href":"https:\/\/laermschutz-a49.de\/index.php?rest_route=%2Fwp%2Fv2%2Fmedia&parent=20"}],"curies":[{"name":"wp","href":"https:\/\/api.w.org\/{rel}","templated":true}]}}