{"id":190,"date":"2014-03-06T17:17:20","date_gmt":"2014-03-06T15:17:20","guid":{"rendered":"https:\/\/www.laermschutz-a49.de\/?page_id=190"},"modified":"2014-03-08T19:52:07","modified_gmt":"2014-03-08T17:52:07","slug":"kontakt-zu-uns","status":"publish","type":"page","link":"https:\/\/laermschutz-a49.de\/?page_id=190","title":{"rendered":"Kontakt zu uns"},"content":{"rendered":"<div role=\"form\" class=\"wpcf7\" id=\"wpcf7-f189-o1\" lang=\"de-DE\" dir=\"ltr\">\n<div class=\"screen-reader-response\"><p role=\"status\" aria-live=\"polite\" aria-atomic=\"true\"><\/p> <ul><\/ul><\/div>\n<form action=\"\/index.php?rest_route=%2Fwp%2Fv2%2Fpages%2F190#wpcf7-f189-o1\" method=\"post\" class=\"wpcf7-form init\" novalidate=\"novalidate\" data-status=\"init\">\n<div style=\"display: none;\">\n<input type=\"hidden\" name=\"_wpcf7\" value=\"189\" \/>\n<input type=\"hidden\" name=\"_wpcf7_version\" value=\"5.6\" \/>\n<input type=\"hidden\" name=\"_wpcf7_locale\" value=\"de_DE\" \/>\n<input type=\"hidden\" name=\"_wpcf7_unit_tag\" value=\"wpcf7-f189-o1\" \/>\n<input type=\"hidden\" name=\"_wpcf7_container_post\" value=\"0\" \/>\n<input type=\"hidden\" name=\"_wpcf7_posted_data_hash\" value=\"\" \/>\n<\/div>\n<p><!-- KONTAKTFORMULAR VERSION: B --><\/p>\n<div class=\"row\">\n<div class=\"col-xs-12 col-md-12\">\n<div class=\"p10\">\n            <span class=\"wpcf7-form-control-wrap\" data-name=\"your-name\"><input type=\"text\" name=\"your-name\" value=\"\" size=\"40\" maxlength=\"540\" class=\"wpcf7-form-control wpcf7-text wpcf7-validates-as-required\" id=\"input_field\" aria-required=\"true\" aria-invalid=\"false\" placeholder=\"Ihr Name*\" \/><\/span>\n        <\/div>\n<\/div>\n<div class=\"col-xs-12 col-md-12\">\n<div class=\"p10\">\n            <span class=\"wpcf7-form-control-wrap\" data-name=\"your-email\"><input type=\"email\" name=\"your-email\" value=\"\" size=\"40\" maxlength=\"540\" class=\"wpcf7-form-control wpcf7-text wpcf7-email wpcf7-validates-as-required wpcf7-validates-as-email\" id=\"input_field\" aria-required=\"true\" aria-invalid=\"false\" placeholder=\"eMail-Adresse*\" \/><\/span>\n        <\/div>\n<\/div>\n<div class=\"col-xs-12 col-md-12\">\n<div class=\"p10\">\n            <span class=\"wpcf7-form-control-wrap\" data-name=\"your-phone\"><input type=\"tel\" name=\"your-phone\" value=\"\" size=\"40\" maxlength=\"540\" class=\"wpcf7-form-control wpcf7-text wpcf7-tel wpcf7-validates-as-tel\" id=\"input_field\" aria-invalid=\"false\" placeholder=\"Telefon\" \/><\/span>\n        <\/div>\n<\/div>\n<\/div>\n<div class=\"row\">\n<div class=\"col-xs-12 col-md-12\">\n<div class=\"p10\">\n            <span class=\"wpcf7-form-control-wrap\" data-name=\"your-message\"><textarea name=\"your-message\" cols=\"40\" rows=\"10\" class=\"wpcf7-form-control wpcf7-textarea\" id=\"input_area\" aria-invalid=\"false\" placeholder=\"Ihre Mitteilung*\"><\/textarea><\/span>\n        <\/div>\n<\/div>\n<\/div>\n<div class=\"row\">\n<div class=\"col-xs-12 col-md-12\">\n<div class=\"p10\">\n<div class=\"row\">\n<div class=\"fl ar pr10 bbox\" style=\"width:15%; height:auto;\">\n                    <span class=\"wpcf7-form-control-wrap\" data-name=\"checkbox-14\"><span class=\"wpcf7-form-control wpcf7-checkbox wpcf7-validates-as-required\" id=\"checkbox_datenschutz\"><span class=\"wpcf7-list-item first last\"><label><input type=\"checkbox\" name=\"checkbox-14[]\" value=\"\" \/><span class=\"wpcf7-list-item-label\"><\/span><\/label><\/span><\/span><\/span>\n                <\/div>\n<div class=\"fl al\" style=\"width:80%; height:auto;\">\n                   Ich habe die <a href=\"\/?page_id=3648\" target=\"_self\">Datenschutzerkl\u00e4rung<\/a> zur Kenntnis genommen. Ich stimme zu, dass meine Angaben zur Kontaktaufnahme und f\u00fcr R\u00fcckfragen dauerhaft gespeichert werden. <span>Hinweis: Sie k\u00f6nnen Ihre Einwilligung jederzeit f\u00fcr die Zukunft per Mail widerrufen.<\/span>\n                <\/div>\n<\/div>\n<div class=\"clear\"><\/div>\n<\/div>\n<\/div>\n<\/div>\n<div class=\"row mt20\">\n<div class=\"col-xs-10 col-xs-offset-1 col-md-8 col-md-offset-2 col-lg-6 col-lg-offset-3\">\n        <input type=\"submit\" value=\"absenden\" class=\"wpcf7-form-control has-spinner wpcf7-submit\" id=\"input_button\" \/>\n    <\/div>\n<\/div>\n<div class=\"wpcf7-response-output\" aria-hidden=\"true\"><\/div><\/form><\/div>\n","protected":false},"excerpt":{"rendered":"","protected":false},"author":1,"featured_media":0,"parent":0,"menu_order":0,"comment_status":"open","ping_status":"closed","template":"","meta":{"_links_to":"","_links_to_target":""},"_links":{"self":[{"href":"https:\/\/laermschutz-a49.de\/index.php?rest_route=\/wp\/v2\/pages\/190"}],"collection":[{"href":"https:\/\/laermschutz-a49.de\/index.php?rest_route=\/wp\/v2\/pages"}],"about":[{"href":"https:\/\/laermschutz-a49.de\/index.php?rest_route=\/wp\/v2\/types\/page"}],"author":[{"embeddable":true,"href":"https:\/\/laermschutz-a49.de\/index.php?rest_route=\/wp\/v2\/users\/1"}],"replies":[{"embeddable":true,"href":"https:\/\/laermschutz-a49.de\/index.php?rest_route=%2Fwp%2Fv2%2Fcomments&post=190"}],"version-history":[{"count":3,"href":"https:\/\/laermschutz-a49.de\/index.php?rest_route=\/wp\/v2\/pages\/190\/revisions"}],"predecessor-version":[{"id":299,"href":"https:\/\/laermschutz-a49.de\/index.php?rest_route=\/wp\/v2\/pages\/190\/revisions\/299"}],"wp:attachment":[{"href":"https:\/\/laermschutz-a49.de\/index.php?rest_route=%2Fwp%2Fv2%2Fmedia&parent=190"}],"curies":[{"name":"wp","href":"https:\/\/api.w.org\/{rel}","templated":true}]}}